
{"id":125,"date":"2015-10-23T07:47:25","date_gmt":"2015-10-23T07:47:25","guid":{"rendered":"http:\/\/demo.thimpress.com\/eduma\/?page_id=125"},"modified":"2024-12-30T10:27:20","modified_gmt":"2024-12-30T15:27:20","slug":"news","status":"publish","type":"page","link":"https:\/\/massrec.org\/es\/news\/","title":{"rendered":"Latest News"},"content":{"rendered":"<div data-elementor-type=\"wp-page\" data-elementor-id=\"125\" class=\"elementor elementor-125\" data-elementor-post-type=\"page\">\n\t\t\t\t<div class=\"elementor-element elementor-element-30f8a2a e-flex e-con-boxed e-con e-parent\" data-id=\"30f8a2a\" data-element_type=\"container\" data-e-type=\"container\" data-settings=\"{&quot;background_background&quot;:&quot;classic&quot;}\">\n\t\t\t\t\t<div class=\"e-con-inner\">\n\t\t<div class=\"elementor-element elementor-element-9b15b75 e-flex e-con-boxed e-con e-child\" data-id=\"9b15b75\" data-element_type=\"container\" data-e-type=\"container\">\n\t\t\t\t\t<div class=\"e-con-inner\">\n\t\t\t\t<div class=\"elementor-element elementor-element-c5daeae elementor-widget elementor-widget-heading\" data-id=\"c5daeae\" data-element_type=\"widget\" data-e-type=\"widget\" data-widget_type=\"heading.default\">\n\t\t\t\t<div class=\"elementor-widget-container\">\n\t\t\t\t\t<h1 class=\"elementor-heading-title elementor-size-default\">Boletines<\/h1>\t\t\t\t<\/div>\n\t\t\t\t<\/div>\n\t\t<div class=\"elementor-element elementor-element-b2982f2 e-flex e-con-boxed e-con e-child\" data-id=\"b2982f2\" data-element_type=\"container\" data-e-type=\"container\">\n\t\t\t\t\t<div class=\"e-con-inner\">\n\t\t<div class=\"elementor-element elementor-element-29e6f1b e-con-full e-flex e-con e-child\" data-id=\"29e6f1b\" data-element_type=\"container\" data-e-type=\"container\">\n\t\t\t\t<div class=\"elementor-element elementor-element-b76ede7 elementor-grid-3 elementor-grid-tablet-2 elementor-grid-mobile-1 elementor-posts--thumbnail-top load-more-align-center elementor-widget elementor-widget-posts\" data-id=\"b76ede7\" data-element_type=\"widget\" data-e-type=\"widget\" data-settings=\"{&quot;pagination_type&quot;:&quot;load_more_on_click&quot;,&quot;classic_columns&quot;:&quot;3&quot;,&quot;classic_columns_tablet&quot;:&quot;2&quot;,&quot;classic_columns_mobile&quot;:&quot;1&quot;,&quot;classic_row_gap&quot;:{&quot;unit&quot;:&quot;px&quot;,&quot;size&quot;:35,&quot;sizes&quot;:[]},&quot;classic_row_gap_tablet&quot;:{&quot;unit&quot;:&quot;px&quot;,&quot;size&quot;:&quot;&quot;,&quot;sizes&quot;:[]},&quot;classic_row_gap_mobile&quot;:{&quot;unit&quot;:&quot;px&quot;,&quot;size&quot;:&quot;&quot;,&quot;sizes&quot;:[]},&quot;load_more_spinner&quot;:{&quot;value&quot;:&quot;fas fa-spinner&quot;,&quot;library&quot;:&quot;fa-solid&quot;}}\" data-widget_type=\"posts.classic\">\n\t\t\t\t<div class=\"elementor-widget-container\">\n\t\t\t\t\t\t\t<div class=\"elementor-posts-container elementor-posts elementor-posts--skin-classic elementor-grid\" role=\"list\">\n\t\t\t\t<article class=\"elementor-post elementor-grid-item post-43718 post type-post status-publish format-standard has-post-thumbnail hentry category-e-newsletter tag-enewsletter\" role=\"listitem\">\n\t\t\t\t<a class=\"elementor-post__thumbnail__link\" href=\"https:\/\/conta.cc\/3EeXSRP\" tabindex=\"-1\" >\n\t\t\t<div class=\"elementor-post__thumbnail\"><img fetchpriority=\"high\" decoding=\"async\" width=\"640\" height=\"440\" src=\"https:\/\/massrec.org\/wp-content\/uploads\/2025\/05\/Group-of-multiracial-people-from-below-768x528.jpg\" class=\"attachment-medium_large size-medium_large wp-image-43719\" alt=\"\" srcset=\"https:\/\/massrec.org\/wp-content\/uploads\/2025\/05\/Group-of-multiracial-people-from-below-768x528.jpg 768w, https:\/\/massrec.org\/wp-content\/uploads\/2025\/05\/Group-of-multiracial-people-from-below-300x206.jpg 300w, https:\/\/massrec.org\/wp-content\/uploads\/2025\/05\/Group-of-multiracial-people-from-below-1024x704.jpg 1024w, https:\/\/massrec.org\/wp-content\/uploads\/2025\/05\/Group-of-multiracial-people-from-below-600x413.jpg 600w, https:\/\/massrec.org\/wp-content\/uploads\/2025\/05\/Group-of-multiracial-people-from-below.jpg 1200w\" sizes=\"(max-width: 640px) 100vw, 640px\" \/><\/div>\n\t\t<\/a>\n\t\t\t\t<div class=\"elementor-post__text\">\n\t\t\t\t<h3 class=\"elementor-post__title\">\n\t\t\t<a href=\"https:\/\/conta.cc\/3EeXSRP\" >\n\t\t\t\tBolet\u00edn electr\u00f3nico de enero de 2025\t\t\t<\/a>\n\t\t<\/h3>\n\t\t\t\t\t<div class=\"elementor-post__read-more-wrapper\">\n\t\t\n\t\t<a class=\"elementor-post__read-more\" href=\"https:\/\/conta.cc\/3EeXSRP\" aria-label=\"M\u00e1s informaci\u00f3n sobre January 2025 E-newsletter\" tabindex=\"-1\" >\n\t\t\tLeer M\u00e1s \"\t\t<\/a>\n\n\t\t\t\t\t<\/div>\n\t\t\t\t<\/div>\n\t\t\t\t<\/article>\n\t\t\t\t<article class=\"elementor-post elementor-grid-item post-35898 post type-post status-publish format-standard has-post-thumbnail hentry category-e-newsletter tag-enewsletter\" role=\"listitem\">\n\t\t\t\t<a class=\"elementor-post__thumbnail__link\" href=\"https:\/\/myemail.constantcontact.com\/All-Things-REC.html?soid=1140529611969&#038;aid=_plaEBMN7kg\" tabindex=\"-1\" >\n\t\t\t<div class=\"elementor-post__thumbnail\"><img decoding=\"async\" width=\"640\" height=\"320\" src=\"https:\/\/massrec.org\/wp-content\/uploads\/2024\/09\/sept2024_newsletter-768x384.jpg\" class=\"attachment-medium_large size-medium_large wp-image-35899\" alt=\"September 2024 E-Newsletter\" srcset=\"https:\/\/massrec.org\/wp-content\/uploads\/2024\/09\/sept2024_newsletter-768x384.jpg 768w, https:\/\/massrec.org\/wp-content\/uploads\/2024\/09\/sept2024_newsletter-300x150.jpg 300w, https:\/\/massrec.org\/wp-content\/uploads\/2024\/09\/sept2024_newsletter-1024x512.jpg 1024w, https:\/\/massrec.org\/wp-content\/uploads\/2024\/09\/sept2024_newsletter-600x300.jpg 600w, https:\/\/massrec.org\/wp-content\/uploads\/2024\/09\/sept2024_newsletter.jpg 1200w\" sizes=\"(max-width: 640px) 100vw, 640px\" \/><\/div>\n\t\t<\/a>\n\t\t\t\t<div class=\"elementor-post__text\">\n\t\t\t\t<h3 class=\"elementor-post__title\">\n\t\t\t<a href=\"https:\/\/myemail.constantcontact.com\/All-Things-REC.html?soid=1140529611969&#038;aid=_plaEBMN7kg\" >\n\t\t\t\tBolet\u00edn electr\u00f3nico de septiembre\t\t\t<\/a>\n\t\t<\/h3>\n\t\t\t\t\t<div class=\"elementor-post__read-more-wrapper\">\n\t\t\n\t\t<a class=\"elementor-post__read-more\" href=\"https:\/\/myemail.constantcontact.com\/All-Things-REC.html?soid=1140529611969&#038;aid=_plaEBMN7kg\" aria-label=\"M\u00e1s informaci\u00f3n sobre September E-newsletter\" tabindex=\"-1\" >\n\t\t\tLeer M\u00e1s \"\t\t<\/a>\n\n\t\t\t\t\t<\/div>\n\t\t\t\t<\/div>\n\t\t\t\t<\/article>\n\t\t\t\t<article class=\"elementor-post elementor-grid-item post-30958 post type-post status-publish format-standard has-post-thumbnail hentry category-e-newsletter tag-enewsletter\" role=\"listitem\">\n\t\t\t\t<a class=\"elementor-post__thumbnail__link\" href=\"https:\/\/conta.cc\/3Q0Y8a1\" tabindex=\"-1\" >\n\t\t\t<div class=\"elementor-post__thumbnail\"><img decoding=\"async\" width=\"640\" height=\"320\" src=\"https:\/\/massrec.org\/wp-content\/uploads\/2024\/05\/apr2024_newsletter-768x384.jpg\" class=\"attachment-medium_large size-medium_large wp-image-30954\" alt=\"April 2024 E-Newsletter\" srcset=\"https:\/\/massrec.org\/wp-content\/uploads\/2024\/05\/apr2024_newsletter-768x384.jpg 768w, https:\/\/massrec.org\/wp-content\/uploads\/2024\/05\/apr2024_newsletter-300x150.jpg 300w, https:\/\/massrec.org\/wp-content\/uploads\/2024\/05\/apr2024_newsletter-1024x512.jpg 1024w, https:\/\/massrec.org\/wp-content\/uploads\/2024\/05\/apr2024_newsletter-600x300.jpg 600w, https:\/\/massrec.org\/wp-content\/uploads\/2024\/05\/apr2024_newsletter.jpg 1200w\" sizes=\"(max-width: 640px) 100vw, 640px\" \/><\/div>\n\t\t<\/a>\n\t\t\t\t<div class=\"elementor-post__text\">\n\t\t\t\t<h3 class=\"elementor-post__title\">\n\t\t\t<a href=\"https:\/\/conta.cc\/3Q0Y8a1\" >\n\t\t\t\tBolet\u00edn electr\u00f3nico de abril\t\t\t<\/a>\n\t\t<\/h3>\n\t\t\t\t\t<div class=\"elementor-post__read-more-wrapper\">\n\t\t\n\t\t<a class=\"elementor-post__read-more\" href=\"https:\/\/conta.cc\/3Q0Y8a1\" aria-label=\"M\u00e1s informaci\u00f3n sobre April E-newsletter\" tabindex=\"-1\" >\n\t\t\tLeer M\u00e1s \"\t\t<\/a>\n\n\t\t\t\t\t<\/div>\n\t\t\t\t<\/div>\n\t\t\t\t<\/article>\n\t\t\t\t<article class=\"elementor-post elementor-grid-item post-30953 post type-post status-publish format-standard has-post-thumbnail hentry category-e-newsletter tag-enewsletter\" role=\"listitem\">\n\t\t\t\t<a class=\"elementor-post__thumbnail__link\" href=\"https:\/\/conta.cc\/3HJ4N4i\" tabindex=\"-1\" >\n\t\t\t<div class=\"elementor-post__thumbnail\"><img loading=\"lazy\" decoding=\"async\" width=\"640\" height=\"320\" src=\"https:\/\/massrec.org\/wp-content\/uploads\/2024\/05\/feb2024_newsletter-768x384.jpg\" class=\"attachment-medium_large size-medium_large wp-image-30956\" alt=\"February 2024 E-Newsletter\" srcset=\"https:\/\/massrec.org\/wp-content\/uploads\/2024\/05\/feb2024_newsletter-768x384.jpg 768w, https:\/\/massrec.org\/wp-content\/uploads\/2024\/05\/feb2024_newsletter-300x150.jpg 300w, https:\/\/massrec.org\/wp-content\/uploads\/2024\/05\/feb2024_newsletter-1024x512.jpg 1024w, https:\/\/massrec.org\/wp-content\/uploads\/2024\/05\/feb2024_newsletter-600x300.jpg 600w, https:\/\/massrec.org\/wp-content\/uploads\/2024\/05\/feb2024_newsletter.jpg 1200w\" sizes=\"(max-width: 640px) 100vw, 640px\" \/><\/div>\n\t\t<\/a>\n\t\t\t\t<div class=\"elementor-post__text\">\n\t\t\t\t<h3 class=\"elementor-post__title\">\n\t\t\t<a href=\"https:\/\/conta.cc\/3HJ4N4i\" >\n\t\t\t\tBolet\u00edn electr\u00f3nico de febrero\t\t\t<\/a>\n\t\t<\/h3>\n\t\t\t\t\t<div class=\"elementor-post__read-more-wrapper\">\n\t\t\n\t\t<a class=\"elementor-post__read-more\" href=\"https:\/\/conta.cc\/3HJ4N4i\" aria-label=\"M\u00e1s informaci\u00f3n sobre February E-newsletter\" tabindex=\"-1\" >\n\t\t\tLeer M\u00e1s \"\t\t<\/a>\n\n\t\t\t\t\t<\/div>\n\t\t\t\t<\/div>\n\t\t\t\t<\/article>\n\t\t\t\t<\/div>\n\t\t\t\t\t<span class=\"e-load-more-spinner\">\n\t\t\t\t<svg aria-hidden=\"true\" class=\"e-font-icon-svg e-fas-spinner\" viewbox=\"0 0 512 512\" xmlns=\"http:\/\/www.w3.org\/2000\/svg\"><path d=\"M304 48c0 26.51-21.49 48-48 48s-48-21.49-48-48 21.49-48 48-48 48 21.49 48 48zm-48 368c-26.51 0-48 21.49-48 48s21.49 48 48 48 48-21.49 48-48-21.49-48-48-48zm208-208c-26.51 0-48 21.49-48 48s21.49 48 48 48 48-21.49 48-48-21.49-48-48-48zM96 256c0-26.51-21.49-48-48-48S0 229.49 0 256s21.49 48 48 48 48-21.49 48-48zm12.922 99.078c-26.51 0-48 21.49-48 48s21.49 48 48 48 48-21.49 48-48c0-26.509-21.491-48-48-48zm294.156 0c-26.51 0-48 21.49-48 48s21.49 48 48 48 48-21.49 48-48c0-26.509-21.49-48-48-48zM108.922 60.922c-26.51 0-48 21.49-48 48s21.49 48 48 48 48-21.49 48-48-21.491-48-48-48z\"><\/path><\/svg>\t\t\t<\/span>\n\t\t\n\t\t\t\t\t\t<\/div>\n\t\t\t\t<\/div>\n\t\t\t\t<div class=\"elementor-element elementor-element-266eb26 elementor-widget elementor-widget-spacer\" data-id=\"266eb26\" data-element_type=\"widget\" data-e-type=\"widget\" data-widget_type=\"spacer.default\">\n\t\t\t\t<div class=\"elementor-widget-container\">\n\t\t\t\t\t\t\t<div class=\"elementor-spacer\">\n\t\t\t<div class=\"elementor-spacer-inner\"><\/div>\n\t\t<\/div>\n\t\t\t\t\t\t<\/div>\n\t\t\t\t<\/div>\n\t\t\t\t<div class=\"elementor-element elementor-element-b67999f about_title elementor-widget elementor-widget-heading\" data-id=\"b67999f\" data-element_type=\"widget\" data-e-type=\"widget\" data-widget_type=\"heading.default\">\n\t\t\t\t<div class=\"elementor-widget-container\">\n\t\t\t\t\t<h2 class=\"elementor-heading-title elementor-size-default\">Art\u00edculos destacados REC<\/h2>\t\t\t\t<\/div>\n\t\t\t\t<\/div>\n\t\t\t\t<div class=\"elementor-element elementor-element-7e089c4 elementor-grid-3 elementor-grid-tablet-2 elementor-grid-mobile-1 elementor-posts--thumbnail-top load-more-align-center elementor-widget elementor-widget-posts\" data-id=\"7e089c4\" data-element_type=\"widget\" data-e-type=\"widget\" data-settings=\"{&quot;pagination_type&quot;:&quot;load_more_on_click&quot;,&quot;classic_columns&quot;:&quot;3&quot;,&quot;classic_columns_tablet&quot;:&quot;2&quot;,&quot;classic_columns_mobile&quot;:&quot;1&quot;,&quot;classic_row_gap&quot;:{&quot;unit&quot;:&quot;px&quot;,&quot;size&quot;:35,&quot;sizes&quot;:[]},&quot;classic_row_gap_tablet&quot;:{&quot;unit&quot;:&quot;px&quot;,&quot;size&quot;:&quot;&quot;,&quot;sizes&quot;:[]},&quot;classic_row_gap_mobile&quot;:{&quot;unit&quot;:&quot;px&quot;,&quot;size&quot;:&quot;&quot;,&quot;sizes&quot;:[]},&quot;load_more_spinner&quot;:{&quot;value&quot;:&quot;fas fa-spinner&quot;,&quot;library&quot;:&quot;fa-solid&quot;}}\" data-widget_type=\"posts.classic\">\n\t\t\t\t<div class=\"elementor-widget-container\">\n\t\t\t\t\t\t\t<div class=\"elementor-posts-container elementor-posts elementor-posts--skin-classic elementor-grid\" role=\"list\">\n\t\t\t\t<article class=\"elementor-post elementor-grid-item post-20451 post type-post status-publish format-standard has-post-thumbnail hentry category-blog\" role=\"listitem\">\n\t\t\t\t<a class=\"elementor-post__thumbnail__link\" href=\"https:\/\/massrec.org\/es\/the-recovery-education-has-launched\/\" tabindex=\"-1\" >\n\t\t\t<div class=\"elementor-post__thumbnail\"><img loading=\"lazy\" decoding=\"async\" width=\"640\" height=\"427\" src=\"https:\/\/massrec.org\/wp-content\/uploads\/2023\/08\/the_recovery_education_has_launched-768x512.jpg\" class=\"attachment-medium_large size-medium_large wp-image-24693\" alt=\"Multiracial happy young people putting their hands on top of each other - Diverse friends unity togetherness in volunteer community - Concept about college, relationship, creative, youth and community.\" srcset=\"https:\/\/massrec.org\/wp-content\/uploads\/2023\/08\/the_recovery_education_has_launched-768x512.jpg 768w, https:\/\/massrec.org\/wp-content\/uploads\/2023\/08\/the_recovery_education_has_launched-600x400.jpg 600w, https:\/\/massrec.org\/wp-content\/uploads\/2023\/08\/the_recovery_education_has_launched-300x200.jpg 300w, https:\/\/massrec.org\/wp-content\/uploads\/2023\/08\/the_recovery_education_has_launched-1024x683.jpg 1024w, https:\/\/massrec.org\/wp-content\/uploads\/2023\/08\/the_recovery_education_has_launched.jpg 1200w\" sizes=\"(max-width: 640px) 100vw, 640px\" \/><\/div>\n\t\t<\/a>\n\t\t\t\t<div class=\"elementor-post__text\">\n\t\t\t\t<h3 class=\"elementor-post__title\">\n\t\t\t<a href=\"https:\/\/massrec.org\/es\/the-recovery-education-has-launched\/\" >\n\t\t\t\tSe pone en marcha la Colaboraci\u00f3n en Educaci\u00f3n para la Recuperaci\u00f3n\t\t\t<\/a>\n\t\t<\/h3>\n\t\t\t\t<div class=\"elementor-post__excerpt\">\n\t\t\t<p>Nos complace anunciar el lanzamiento oficial de Recovery Education Collaborative (REC). Estamos llenos de entusiasmo a medida que nos embarcamos en nuestra misi\u00f3n de capacitar a las personas en su camino hacia la recuperaci\u00f3n. Nuestra misi\u00f3n<\/p>\n\t\t<\/div>\n\t\t\t\t\t<div class=\"elementor-post__read-more-wrapper\">\n\t\t\n\t\t<a class=\"elementor-post__read-more\" href=\"https:\/\/massrec.org\/es\/the-recovery-education-has-launched\/\" aria-label=\"M\u00e1s informaci\u00f3n sobre The Recovery Education Collaborative Launches\" tabindex=\"-1\" >\n\t\t\tLeer M\u00e1s \"\t\t<\/a>\n\n\t\t\t\t\t<\/div>\n\t\t\t\t<\/div>\n\t\t\t\t<\/article>\n\t\t\t\t<article class=\"elementor-post elementor-grid-item post-20449 post type-post status-publish format-standard has-post-thumbnail hentry category-blog\" role=\"listitem\">\n\t\t\t\t<a class=\"elementor-post__thumbnail__link\" href=\"https:\/\/massrec.org\/es\/the-power-of-peer-support-how-recovery-coaches-make-a-difference\/\" tabindex=\"-1\" >\n\t\t\t<div class=\"elementor-post__thumbnail\"><img loading=\"lazy\" decoding=\"async\" width=\"640\" height=\"427\" src=\"https:\/\/massrec.org\/wp-content\/uploads\/2023\/08\/peer-support--768x512.jpg\" class=\"attachment-medium_large size-medium_large wp-image-22372\" alt=\"\" srcset=\"https:\/\/massrec.org\/wp-content\/uploads\/2023\/08\/peer-support--768x512.jpg 768w, https:\/\/massrec.org\/wp-content\/uploads\/2023\/08\/peer-support--scaled-600x400.jpg 600w, https:\/\/massrec.org\/wp-content\/uploads\/2023\/08\/peer-support--scaled-300x200.jpg 300w, https:\/\/massrec.org\/wp-content\/uploads\/2023\/08\/peer-support--scaled-1024x683.jpg 1024w, https:\/\/massrec.org\/wp-content\/uploads\/2023\/08\/peer-support--scaled-1536x1024.jpg 1536w, https:\/\/massrec.org\/wp-content\/uploads\/2023\/08\/peer-support--scaled-2048x1366.jpg 2048w\" sizes=\"(max-width: 640px) 100vw, 640px\" \/><\/div>\n\t\t<\/a>\n\t\t\t\t<div class=\"elementor-post__text\">\n\t\t\t\t<h3 class=\"elementor-post__title\">\n\t\t\t<a href=\"https:\/\/massrec.org\/es\/the-power-of-peer-support-how-recovery-coaches-make-a-difference\/\" >\n\t\t\t\tEl poder del apoyo entre iguales: C\u00f3mo marcan la diferencia los instructores de recuperaci\u00f3n\t\t\t<\/a>\n\t\t<\/h3>\n\t\t\t\t<div class=\"elementor-post__excerpt\">\n\t\t\t<p>En el mundo de la recuperaci\u00f3n, no se puede subestimar el poder del apoyo entre iguales. Los entrenadores de recuperaci\u00f3n y otros trabajadores entre iguales desempe\u00f1an un papel crucial a la hora de proporcionar orientaci\u00f3n, \u00e1nimo y comprensi\u00f3n a las personas en su camino hacia la recuperaci\u00f3n. Sus perspectivas \u00fanicas y su experiencia<\/p>\n\t\t<\/div>\n\t\t\t\t\t<div class=\"elementor-post__read-more-wrapper\">\n\t\t\n\t\t<a class=\"elementor-post__read-more\" href=\"https:\/\/massrec.org\/es\/the-power-of-peer-support-how-recovery-coaches-make-a-difference\/\" aria-label=\"M\u00e1s informaci\u00f3n sobre The Power of Peer Support: How Recovery Coaches Make a Difference\" tabindex=\"-1\" >\n\t\t\tLeer M\u00e1s \"\t\t<\/a>\n\n\t\t\t\t\t<\/div>\n\t\t\t\t<\/div>\n\t\t\t\t<\/article>\n\t\t\t\t<\/div>\n\t\t\t\t\t<span class=\"e-load-more-spinner\">\n\t\t\t\t<svg aria-hidden=\"true\" class=\"e-font-icon-svg e-fas-spinner\" viewbox=\"0 0 512 512\" xmlns=\"http:\/\/www.w3.org\/2000\/svg\"><path d=\"M304 48c0 26.51-21.49 48-48 48s-48-21.49-48-48 21.49-48 48-48 48 21.49 48 48zm-48 368c-26.51 0-48 21.49-48 48s21.49 48 48 48 48-21.49 48-48-21.49-48-48-48zm208-208c-26.51 0-48 21.49-48 48s21.49 48 48 48 48-21.49 48-48-21.49-48-48-48zM96 256c0-26.51-21.49-48-48-48S0 229.49 0 256s21.49 48 48 48 48-21.49 48-48zm12.922 99.078c-26.51 0-48 21.49-48 48s21.49 48 48 48 48-21.49 48-48c0-26.509-21.491-48-48-48zm294.156 0c-26.51 0-48 21.49-48 48s21.49 48 48 48 48-21.49 48-48c0-26.509-21.49-48-48-48zM108.922 60.922c-26.51 0-48 21.49-48 48s21.49 48 48 48 48-21.49 48-48-21.491-48-48-48z\"><\/path><\/svg>\t\t\t<\/span>\n\t\t\n\t\t\t\t\t\t<\/div>\n\t\t\t\t<\/div>\n\t\t\t\t<\/div>\n\t\t\t\t\t<\/div>\n\t\t\t\t<\/div>\n\t\t\t\t\t<\/div>\n\t\t\t\t<\/div>\n\t\t\t\t\t<\/div>\n\t\t\t\t<\/div>\n\t\t\t\t<\/div>","protected":false},"excerpt":{"rendered":"<p>Newsletters REC Featured Articles<\/p>","protected":false},"author":2,"featured_media":0,"parent":0,"menu_order":0,"comment_status":"closed","ping_status":"closed","template":"elementor_header_footer","meta":{"footnotes":"","_links_to":"","_links_to_target":""},"class_list":["post-125","page","type-page","status-publish","hentry"],"_links":{"self":[{"href":"https:\/\/massrec.org\/es\/wp-json\/wp\/v2\/pages\/125","targetHints":{"allow":["GET"]}}],"collection":[{"href":"https:\/\/massrec.org\/es\/wp-json\/wp\/v2\/pages"}],"about":[{"href":"https:\/\/massrec.org\/es\/wp-json\/wp\/v2\/types\/page"}],"author":[{"embeddable":true,"href":"https:\/\/massrec.org\/es\/wp-json\/wp\/v2\/users\/2"}],"replies":[{"embeddable":true,"href":"https:\/\/massrec.org\/es\/wp-json\/wp\/v2\/comments?post=125"}],"version-history":[{"count":0,"href":"https:\/\/massrec.org\/es\/wp-json\/wp\/v2\/pages\/125\/revisions"}],"wp:attachment":[{"href":"https:\/\/massrec.org\/es\/wp-json\/wp\/v2\/media?parent=125"}],"curies":[{"name":"wp","href":"https:\/\/api.w.org\/{rel}","templated":true}]}}